{"id":7278,"date":"2025-12-17T23:23:20","date_gmt":"2025-12-17T23:23:20","guid":{"rendered":"https:\/\/bomchacha.es\/product\/almofada-penguin-42cm\/"},"modified":"2026-03-17T04:19:53","modified_gmt":"2026-03-17T04:19:53","slug":"almofada-penguin-42cm","status":"publish","type":"product","link":"https:\/\/bomchacha.es\/pt-pt\/produto\/almofada-penguin-42cm\/","title":{"rendered":"Almofada Penguin 42cm"},"content":{"rendered":"<section class=\"jc3\">\n<div class=\"jc3__wrap\">\n<div class=\"jc3__left\">\n<div class=\"jc3__card\">\n <img decoding=\"async\" src=\"https:\/\/bomchacha.es\/wp-content\/uploads\/2026\/01\/BZ616E.jpg\" alt=\"Producto\" loading=\"lazy\">\n <\/div>\n<\/p><\/div>\n<div class=\"jc3__right\">\n<div class=\"jc3__quoteBox\">\n <span class=\"jc3__icon jc3__icon--tl\" aria-hidden=\"true\"><br \/>\n <svg viewBox=\"0 0 24 24\" width=\"42\" height=\"42\" fill=\"none\">\n <path d=\"M10 7H6C4.9 7 4 7.9 4 9v6c0 1.1.9 2 2 2h4V7Z\" fill=\"currentColor\"\/>\n <path d=\"M20 7h-4c-1.1 0-2 .9-2 2v6c0 1.1.9 2 2 2h4V7Z\" fill=\"currentColor\"\/>\n <\/svg><br \/>\n <\/span><\/p>\n<div class=\"jc3__text\">\n Un compa\u00f1ero de peluche pensado para transmitir calma y cercan\u00eda. Perfecto para abrazar y desconectar del d\u00eda a d\u00eda.\n <\/div>\n<p> <span class=\"jc3__icon jc3__icon--br\" aria-hidden=\"true\"><br \/>\n <svg viewBox=\"0 0 24 24\" width=\"42\" height=\"42\" fill=\"none\">\n <path d=\"M10 7H6C4.9 7 4 7.9 4 9v6c0 1.1.9 2 2 2h4V7Z\" fill=\"currentColor\"\/>\n <path d=\"M20 7h-4c-1.1 0-2 .9-2 2v6c0 1.1.9 2 2 2h4V7Z\" fill=\"currentColor\"\/>\n <\/svg><br \/>\n <\/span>\n <\/div>\n<\/p><\/div>\n<\/p><\/div>\n<\/section>\n","protected":false},"excerpt":{"rendered":"<p>Un compa\u00f1ero de peluche pensado para transmitir calma y cercan\u00eda. Perfecto para abrazar y desconectar del.<\/p>\n","protected":false},"featured_media":7655,"comment_status":"open","ping_status":"closed","template":"","meta":[],"product_brand":[],"product_cat":[111],"product_tag":[],"class_list":{"0":"post-7278","1":"product","2":"type-product","3":"status-publish","4":"has-post-thumbnail","6":"product_cat-almofadas-2","8":"first","9":"instock","10":"sale","11":"taxable","12":"shipping-taxable","13":"purchasable","14":"product-type-simple"},"etheme_brands":{"errors":{"invalid_taxonomy":["Taxonomia inv\u00e1lida."]},"error_data":[]},"_links":{"self":[{"href":"https:\/\/bomchacha.es\/pt-pt\/wp-json\/wp\/v2\/product\/7278","targetHints":{"allow":["GET"]}}],"collection":[{"href":"https:\/\/bomchacha.es\/pt-pt\/wp-json\/wp\/v2\/product"}],"about":[{"href":"https:\/\/bomchacha.es\/pt-pt\/wp-json\/wp\/v2\/types\/product"}],"replies":[{"embeddable":true,"href":"https:\/\/bomchacha.es\/pt-pt\/wp-json\/wp\/v2\/comments?post=7278"}],"version-history":[{"count":1,"href":"https:\/\/bomchacha.es\/pt-pt\/wp-json\/wp\/v2\/product\/7278\/revisions"}],"predecessor-version":[{"id":7659,"href":"https:\/\/bomchacha.es\/pt-pt\/wp-json\/wp\/v2\/product\/7278\/revisions\/7659"}],"wp:featuredmedia":[{"embeddable":true,"href":"https:\/\/bomchacha.es\/pt-pt\/wp-json\/wp\/v2\/media\/7655"}],"wp:attachment":[{"href":"https:\/\/bomchacha.es\/pt-pt\/wp-json\/wp\/v2\/media?parent=7278"}],"wp:term":[{"taxonomy":"product_brand","embeddable":true,"href":"https:\/\/bomchacha.es\/pt-pt\/wp-json\/wp\/v2\/product_brand?post=7278"},{"taxonomy":"product_cat","embeddable":true,"href":"https:\/\/bomchacha.es\/pt-pt\/wp-json\/wp\/v2\/product_cat?post=7278"},{"taxonomy":"product_tag","embeddable":true,"href":"https:\/\/bomchacha.es\/pt-pt\/wp-json\/wp\/v2\/product_tag?post=7278"}],"curies":[{"name":"wp","href":"https:\/\/api.w.org\/{rel}","templated":true}]}}