{"id":7317,"date":"2025-12-17T23:12:54","date_gmt":"2025-12-17T23:12:54","guid":{"rendered":"https:\/\/bomchacha.es\/product\/almofada-de-pessego-45cm\/"},"modified":"2026-03-17T04:20:08","modified_gmt":"2026-03-17T04:20:08","slug":"almofada-de-pessego-45cm","status":"publish","type":"product","link":"https:\/\/bomchacha.es\/pt-pt\/produto\/almofada-de-pessego-45cm\/","title":{"rendered":"Almofada de p\u00eassego 45cm"},"content":{"rendered":"<section class=\"jc3\">\n<div class=\"jc3__wrap\">\n<div class=\"jc3__left\">\n<div class=\"jc3__card\">\n <img decoding=\"async\" src=\"https:\/\/bomchacha.es\/wp-content\/uploads\/2026\/01\/BZ532E.jpg\" alt=\"Producto\" loading=\"lazy\">\n <\/div>\n<\/p><\/div>\n<div class=\"jc3__right\">\n<div class=\"jc3__quoteBox\">\n <span class=\"jc3__icon jc3__icon--tl\" aria-hidden=\"true\"><br \/>\n <svg viewBox=\"0 0 24 24\" width=\"42\" height=\"42\" fill=\"none\">\n <path d=\"M10 7H6C4.9 7 4 7.9 4 9v6c0 1.1.9 2 2 2h4V7Z\" fill=\"currentColor\"\/>\n <path d=\"M20 7h-4c-1.1 0-2 .9-2 2v6c0 1.1.9 2 2 2h4V7Z\" fill=\"currentColor\"\/>\n <\/svg><br \/>\n <\/span><\/p>\n<div class=\"jc3__text\">\n Este peluche destaca por su expresi\u00f3n entra\u00f1able y su tacto mullido. Un compa\u00f1ero perfecto para crear un ambiente acogedor y relajado.\n <\/div>\n<p> <span class=\"jc3__icon jc3__icon--br\" aria-hidden=\"true\"><br \/>\n <svg viewBox=\"0 0 24 24\" width=\"42\" height=\"42\" fill=\"none\">\n <path d=\"M10 7H6C4.9 7 4 7.9 4 9v6c0 1.1.9 2 2 2h4V7Z\" fill=\"currentColor\"\/>\n <path d=\"M20 7h-4c-1.1 0-2 .9-2 2v6c0 1.1.9 2 2 2h4V7Z\" fill=\"currentColor\"\/>\n <\/svg><br \/>\n <\/span>\n <\/div>\n<\/p><\/div>\n<\/p><\/div>\n<\/section>\n","protected":false},"excerpt":{"rendered":"<p>Este peluche destaca por su expresi\u00f3n entra\u00f1able y su tacto mullido. Un compa\u00f1ero perfecto para crear.<\/p>\n","protected":false},"featured_media":7829,"comment_status":"open","ping_status":"closed","template":"","meta":[],"product_brand":[],"product_cat":[107],"product_tag":[],"class_list":{"0":"post-7317","1":"product","2":"type-product","3":"status-publish","4":"has-post-thumbnail","6":"product_cat-travesseiros","8":"first","9":"instock","10":"sale","11":"taxable","12":"shipping-taxable","13":"purchasable","14":"product-type-simple"},"etheme_brands":{"errors":{"invalid_taxonomy":["Taxonomia inv\u00e1lida."]},"error_data":[]},"_links":{"self":[{"href":"https:\/\/bomchacha.es\/pt-pt\/wp-json\/wp\/v2\/product\/7317","targetHints":{"allow":["GET"]}}],"collection":[{"href":"https:\/\/bomchacha.es\/pt-pt\/wp-json\/wp\/v2\/product"}],"about":[{"href":"https:\/\/bomchacha.es\/pt-pt\/wp-json\/wp\/v2\/types\/product"}],"replies":[{"embeddable":true,"href":"https:\/\/bomchacha.es\/pt-pt\/wp-json\/wp\/v2\/comments?post=7317"}],"version-history":[{"count":1,"href":"https:\/\/bomchacha.es\/pt-pt\/wp-json\/wp\/v2\/product\/7317\/revisions"}],"predecessor-version":[{"id":7830,"href":"https:\/\/bomchacha.es\/pt-pt\/wp-json\/wp\/v2\/product\/7317\/revisions\/7830"}],"wp:featuredmedia":[{"embeddable":true,"href":"https:\/\/bomchacha.es\/pt-pt\/wp-json\/wp\/v2\/media\/7829"}],"wp:attachment":[{"href":"https:\/\/bomchacha.es\/pt-pt\/wp-json\/wp\/v2\/media?parent=7317"}],"wp:term":[{"taxonomy":"product_brand","embeddable":true,"href":"https:\/\/bomchacha.es\/pt-pt\/wp-json\/wp\/v2\/product_brand?post=7317"},{"taxonomy":"product_cat","embeddable":true,"href":"https:\/\/bomchacha.es\/pt-pt\/wp-json\/wp\/v2\/product_cat?post=7317"},{"taxonomy":"product_tag","embeddable":true,"href":"https:\/\/bomchacha.es\/pt-pt\/wp-json\/wp\/v2\/product_tag?post=7317"}],"curies":[{"name":"wp","href":"https:\/\/api.w.org\/{rel}","templated":true}]}}